{"id":27,"date":"2015-06-21T18:52:22","date_gmt":"2015-06-21T18:52:22","guid":{"rendered":"http:\/\/neu.wildgehege-grosshennersdorf.de\/?page_id=27"},"modified":"2017-02-17T13:19:36","modified_gmt":"2017-02-17T13:19:36","slug":"informationen-ueber-wildfleisch","status":"publish","type":"page","link":"http:\/\/neu.wildgehege-grosshennersdorf.de\/?page_id=27","title":{"rendered":"Weitere Informationen \u00fcber Wildfleisch"},"content":{"rendered":"<p align=\"left\">Bei Wildfleisch von Dam- und Rotwild handelt es sich um hochwertiges Fleisch von Tieren aus einem Wildgatter. Es ist es ist eiwei\u00dfreich, fettarm und stammt aus artgerechter Haltung. Das feinfaserige Fleisch hat ein festes Gef\u00fcge und erfordert deshalb unter Umst\u00e4nden eine &#8222;Vorbehandlung&#8220;, besonders Fleisch von \u00e4lteren Tieren..<\/p>\n<p align=\"left\">Detaillierte Informationen \u00fcber Wildfleisch erhalten sie auf der Internetseite des Landesverbandes Landwirtschaftlicher Wildhalter des Freistaates Sachsen e.V.<em><br \/>\n<\/em><\/p>\n<p><a href=\"http:\/\/www.wildhalter-sachsen.de\/pages\/naehrwert.php\">http:\/\/www.wildhalter-sachsen.de\/pages\/naehrwert.php<\/a><\/p>\n","protected":false},"excerpt":{"rendered":"<p>Bei Wildfleisch von Dam- und Rotwild handelt es sich um hochwertiges Fleisch von Tieren aus einem Wildgatter. Es ist es ist eiwei\u00dfreich, fettarm und stammt aus artgerechter Haltung. Das feinfaserige Fleisch hat ein festes Gef\u00fcge und erfordert deshalb unter Umst\u00e4nden &hellip; <a href=\"http:\/\/neu.wildgehege-grosshennersdorf.de\/?page_id=27\">Weiterlesen <span class=\"meta-nav\">&rarr;<\/span><\/a><\/p>\n","protected":false},"author":1,"featured_media":0,"parent":21,"menu_order":0,"comment_status":"open","ping_status":"open","template":"","meta":[],"_links":{"self":[{"href":"http:\/\/neu.wildgehege-grosshennersdorf.de\/index.php?rest_route=\/wp\/v2\/pages\/27"}],"collection":[{"href":"http:\/\/neu.wildgehege-grosshennersdorf.de\/index.php?rest_route=\/wp\/v2\/pages"}],"about":[{"href":"http:\/\/neu.wildgehege-grosshennersdorf.de\/index.php?rest_route=\/wp\/v2\/types\/page"}],"author":[{"embeddable":true,"href":"http:\/\/neu.wildgehege-grosshennersdorf.de\/index.php?rest_route=\/wp\/v2\/users\/1"}],"replies":[{"embeddable":true,"href":"http:\/\/neu.wildgehege-grosshennersdorf.de\/index.php?rest_route=%2Fwp%2Fv2%2Fcomments&post=27"}],"version-history":[{"count":15,"href":"http:\/\/neu.wildgehege-grosshennersdorf.de\/index.php?rest_route=\/wp\/v2\/pages\/27\/revisions"}],"predecessor-version":[{"id":202,"href":"http:\/\/neu.wildgehege-grosshennersdorf.de\/index.php?rest_route=\/wp\/v2\/pages\/27\/revisions\/202"}],"up":[{"embeddable":true,"href":"http:\/\/neu.wildgehege-grosshennersdorf.de\/index.php?rest_route=\/wp\/v2\/pages\/21"}],"wp:attachment":[{"href":"http:\/\/neu.wildgehege-grosshennersdorf.de\/index.php?rest_route=%2Fwp%2Fv2%2Fmedia&parent=27"}],"curies":[{"name":"wp","href":"https:\/\/api.w.org\/{rel}","templated":true}]}}