{"id":180,"date":"2017-02-12T17:07:29","date_gmt":"2017-02-12T17:07:29","guid":{"rendered":"http:\/\/neu.wildgehege-grosshennersdorf.de\/?page_id=180"},"modified":"2017-02-12T17:11:15","modified_gmt":"2017-02-12T17:11:15","slug":"dam-und-rotwildfleisch","status":"publish","type":"page","link":"http:\/\/neu.wildgehege-grosshennersdorf.de\/?page_id=180","title":{"rendered":"Dam- und Rotwildfleisch"},"content":{"rendered":"<p><strong>Dam- und Rotwild direkt vom Erzeuger &#8211; ihre Vorteile als Verbaucher:<\/strong><\/p>\n<p align=\"left\">Sie erhalten:<\/p>\n<ul>\n<li><em>Fleisch f\u00fcr Feinschmecker<\/em>, das sich besonders f\u00fcr Festtage anbietet<br \/>\n<em>zartes, kurzfaseriges und fettarmes Fleisch<\/em> von jungen Tieren<\/li>\n<li><em>chemisch unbelastetes <\/em>Fleisch von Tieren, die nicht mit Medikamenten und Kraftfutter gem\u00e4stet wurden sondern den EU-Rechtsvorschriften f\u00fcr den \u00f6kologischen Landbau entsprechend gehalten werden<\/li>\n<li><em>frisches, amtstier\u00e4rztlich beschautes Fleisch<\/em>, das sich \u00fcber einen l\u00e4ngeren Zeitraum einfrieren und aufbewahren l\u00e4sst<\/li>\n<\/ul>\n<p>aus unserem Angebot:<\/p>\n<ul>\n<li>ganze und halbe Schlachtk\u00f6rper aus der Decke geschlagen oder Teilst\u00fccke nach Ihren W\u00fcnschen fachgerecht zerlegt und vakuumverpackt<\/li>\n<li>Hirschknacker (in kleinen Portionen vakuumverpackt)<\/li>\n<li>Neukunden erhalten ein Wildrezeptebuch gratis!<\/li>\n<\/ul>\n","protected":false},"excerpt":{"rendered":"<p>Dam- und Rotwild direkt vom Erzeuger &#8211; ihre Vorteile als Verbaucher: Sie erhalten: Fleisch f\u00fcr Feinschmecker, das sich besonders f\u00fcr Festtage anbietet zartes, kurzfaseriges und fettarmes Fleisch von jungen Tieren chemisch unbelastetes Fleisch von Tieren, die nicht mit Medikamenten und &hellip; <a href=\"http:\/\/neu.wildgehege-grosshennersdorf.de\/?page_id=180\">Weiterlesen <span class=\"meta-nav\">&rarr;<\/span><\/a><\/p>\n","protected":false},"author":2,"featured_media":0,"parent":12,"menu_order":1,"comment_status":"closed","ping_status":"closed","template":"","meta":[],"_links":{"self":[{"href":"http:\/\/neu.wildgehege-grosshennersdorf.de\/index.php?rest_route=\/wp\/v2\/pages\/180"}],"collection":[{"href":"http:\/\/neu.wildgehege-grosshennersdorf.de\/index.php?rest_route=\/wp\/v2\/pages"}],"about":[{"href":"http:\/\/neu.wildgehege-grosshennersdorf.de\/index.php?rest_route=\/wp\/v2\/types\/page"}],"author":[{"embeddable":true,"href":"http:\/\/neu.wildgehege-grosshennersdorf.de\/index.php?rest_route=\/wp\/v2\/users\/2"}],"replies":[{"embeddable":true,"href":"http:\/\/neu.wildgehege-grosshennersdorf.de\/index.php?rest_route=%2Fwp%2Fv2%2Fcomments&post=180"}],"version-history":[{"count":2,"href":"http:\/\/neu.wildgehege-grosshennersdorf.de\/index.php?rest_route=\/wp\/v2\/pages\/180\/revisions"}],"predecessor-version":[{"id":182,"href":"http:\/\/neu.wildgehege-grosshennersdorf.de\/index.php?rest_route=\/wp\/v2\/pages\/180\/revisions\/182"}],"up":[{"embeddable":true,"href":"http:\/\/neu.wildgehege-grosshennersdorf.de\/index.php?rest_route=\/wp\/v2\/pages\/12"}],"wp:attachment":[{"href":"http:\/\/neu.wildgehege-grosshennersdorf.de\/index.php?rest_route=%2Fwp%2Fv2%2Fmedia&parent=180"}],"curies":[{"name":"wp","href":"https:\/\/api.w.org\/{rel}","templated":true}]}}