{"id":10,"date":"2015-06-21T16:50:56","date_gmt":"2015-06-21T16:50:56","guid":{"rendered":"http:\/\/neu.wildgehege-grosshennersdorf.de\/?page_id=10"},"modified":"2017-02-17T15:43:55","modified_gmt":"2017-02-17T15:43:55","slug":"ueber-unseren-landwirtschaftsbetrieb","status":"publish","type":"page","link":"http:\/\/neu.wildgehege-grosshennersdorf.de\/?page_id=10","title":{"rendered":"Betrieb"},"content":{"rendered":"<p><strong>\u00dcber unseren Landwirtschaftsbetrieb<\/strong><\/p>\n<p>Unser Betrieb umfasst insgesamt etwa 26 ha, davon 7,5 ha Waldfl\u00e4che, er ist in gro\u00dfen Teilen seit etwa 150 Jahren im Familienbesitz. Bis 1960 wurde der Hof privat bewirtschaftet. Der Betrieb lief gut, er ern\u00e4hrte zeitweise eine Familie mit 7 Kindern und mehreren Angestellten. Mit dem erzwungenen Eintritt in die LPG wurde die Selbst\u00e4ndigkeit der Wirtschaft beendet. Der gr\u00f6\u00dfte Teil der Fl\u00e4chen wurde schrittweise in Gr\u00fcnland umgewandelt und vor allem als Weidefl\u00e4che f\u00fcr die Rinder der LPG genutzt. Dadurch wurden die Feldgeh\u00f6lze auf dem K\u00e4lberberg, zwischen Gro\u00dfem Berg und Oberwald sowie die Streuobstwiese mit Trockenrasen auf dem K\u00e4lberberg stark gesch\u00e4digt, der Artenreichtum ging verloren, eine Pflege der Geh\u00f6lze fand nicht statt, die Bodenflora wurde abgeweidet und zerst\u00f6rt. Die Wirtschaftsgeb\u00e4ude wurde anfangs durch die Genossenschaft genutzt aber nicht instant gehalten. Im Jahre 1990 reifte deshalb die Idee, den Betrieb wieder selbst zu bewirtschaften. Am 01.03.1991 wurde der Betrieb durch die Familie Neumann wieder \u00fcbernommen und seitdem als Familienbetrieb im Nebenerwerb mit extensiver Gr\u00fcnlandbewirtschaftung unter Beachtung landschaftspflegerischer Gesichtspunkte und Nutzung regenerativer Energiequellen (Solaranlage und Holzheizung) gef\u00fchrt. Die schrittweise Umsetzung des Konzeptes einer \u00f6kologisch orientierten Betriebsf\u00fchrung fand 1996 mit der Verleihung des Umweltpreises des Landkreises L\u00f6bau \u2013 Zittau erste Anerkennung.<\/p>\n<div id=\"attachment_101\" style=\"width: 538px\" class=\"wp-caption aligncenter\"><a href=\"http:\/\/neu.wildgehege-grosshennersdorf.de\/wp-content\/uploads\/2015\/06\/IMG_3339a.jpg\" rel=\"attachment wp-att-101\"><img aria-describedby=\"caption-attachment-101\" loading=\"lazy\" class=\"wp-image-101\" src=\"http:\/\/neu.wildgehege-grosshennersdorf.de\/wp-content\/uploads\/2015\/06\/IMG_3339a-300x225.jpg\" alt=\"IMG_3339a\" width=\"528\" height=\"396\" srcset=\"http:\/\/neu.wildgehege-grosshennersdorf.de\/wp-content\/uploads\/2015\/06\/IMG_3339a-300x225.jpg 300w, http:\/\/neu.wildgehege-grosshennersdorf.de\/wp-content\/uploads\/2015\/06\/IMG_3339a-768x576.jpg 768w, http:\/\/neu.wildgehege-grosshennersdorf.de\/wp-content\/uploads\/2015\/06\/IMG_3339a.jpg 800w\" sizes=\"(max-width: 528px) 100vw, 528px\" \/><\/a><p id=\"caption-attachment-101\" class=\"wp-caption-text\">Luftbild von unserem Gehege<\/p><\/div>\n<p>Im Sommer 1991 wurde mit dem Bau des Wildgeheges begonnen. Bereits im September wurden die ersten 10 Damtiere gekauft und ins Gehege gebracht. 1996 erfolgte ein Ausbau des Geheges auf insgesamt 6,8 ha. Der Besatz des Geheges wird immer so reguliert, dass eine extensive Nutzung der Gr\u00fcnfl\u00e4chen erm\u00f6glicht wird und in der Zeit von Mai bis Anfang November keine Zuf\u00fctterung erfolgen muss. In den Wintermonaten werden vor allem Getreide, Heu und Anwelksilage aus eigener Produktion oder biologischem Anbau zugef\u00fcttert, um die Tiere unbeschadet \u00fcber den Winter zu bringen. Im Jahr 2009 wurde der Bestand in unserem Gehege durch eine kleine Herde Rotwild erweitert.<\/p>\n<div id=\"attachment_76\" style=\"width: 310px\" class=\"wp-caption aligncenter\"><a href=\"http:\/\/neu.wildgehege-grosshennersdorf.de\/wp-content\/uploads\/2015\/06\/DSC04425.jpg\"><img aria-describedby=\"caption-attachment-76\" loading=\"lazy\" class=\"size-medium wp-image-76\" src=\"http:\/\/neu.wildgehege-grosshennersdorf.de\/wp-content\/uploads\/2015\/06\/DSC04425-300x225.jpg\" alt=\"\" width=\"300\" height=\"225\" srcset=\"http:\/\/neu.wildgehege-grosshennersdorf.de\/wp-content\/uploads\/2015\/06\/DSC04425-300x225.jpg 300w, http:\/\/neu.wildgehege-grosshennersdorf.de\/wp-content\/uploads\/2015\/06\/DSC04425-768x576.jpg 768w, http:\/\/neu.wildgehege-grosshennersdorf.de\/wp-content\/uploads\/2015\/06\/DSC04425.jpg 800w\" sizes=\"(max-width: 300px) 100vw, 300px\" \/><\/a><p id=\"caption-attachment-76\" class=\"wp-caption-text\">Rotwild &#8211; Zuf\u00fctterung im Winter<\/p><\/div>\n<p>Seit April 2015 wird der Betrieb komplett \u00f6kologisch bewirtschaftet.<\/p>\n<p><a href=\"http:\/\/neu.wildgehege-grosshennersdorf.de\/wp-content\/uploads\/2015\/06\/EU_Organic_Logo_Colour_rgb.jpg\" rel=\"attachment wp-att-97\"><img loading=\"lazy\" class=\"wp-image-97 aligncenter\" src=\"http:\/\/neu.wildgehege-grosshennersdorf.de\/wp-content\/uploads\/2015\/06\/EU_Organic_Logo_Colour_rgb-300x200.jpg\" alt=\"EU_Organic_Logo_Colour_rgb\" width=\"182\" height=\"121\" srcset=\"http:\/\/neu.wildgehege-grosshennersdorf.de\/wp-content\/uploads\/2015\/06\/EU_Organic_Logo_Colour_rgb-300x200.jpg 300w, http:\/\/neu.wildgehege-grosshennersdorf.de\/wp-content\/uploads\/2015\/06\/EU_Organic_Logo_Colour_rgb.jpg 500w\" sizes=\"(max-width: 182px) 100vw, 182px\" \/><\/a><\/p>\n","protected":false},"excerpt":{"rendered":"<p>\u00dcber unseren Landwirtschaftsbetrieb Unser Betrieb umfasst insgesamt etwa 26 ha, davon 7,5 ha Waldfl\u00e4che, er ist in gro\u00dfen Teilen seit etwa 150 Jahren im Familienbesitz. Bis 1960 wurde der Hof privat bewirtschaftet. Der Betrieb lief gut, er ern\u00e4hrte zeitweise eine &hellip; <a href=\"http:\/\/neu.wildgehege-grosshennersdorf.de\/?page_id=10\">Weiterlesen <span class=\"meta-nav\">&rarr;<\/span><\/a><\/p>\n","protected":false},"author":1,"featured_media":0,"parent":0,"menu_order":1,"comment_status":"open","ping_status":"open","template":"","meta":[],"_links":{"self":[{"href":"http:\/\/neu.wildgehege-grosshennersdorf.de\/index.php?rest_route=\/wp\/v2\/pages\/10"}],"collection":[{"href":"http:\/\/neu.wildgehege-grosshennersdorf.de\/index.php?rest_route=\/wp\/v2\/pages"}],"about":[{"href":"http:\/\/neu.wildgehege-grosshennersdorf.de\/index.php?rest_route=\/wp\/v2\/types\/page"}],"author":[{"embeddable":true,"href":"http:\/\/neu.wildgehege-grosshennersdorf.de\/index.php?rest_route=\/wp\/v2\/users\/1"}],"replies":[{"embeddable":true,"href":"http:\/\/neu.wildgehege-grosshennersdorf.de\/index.php?rest_route=%2Fwp%2Fv2%2Fcomments&post=10"}],"version-history":[{"count":15,"href":"http:\/\/neu.wildgehege-grosshennersdorf.de\/index.php?rest_route=\/wp\/v2\/pages\/10\/revisions"}],"predecessor-version":[{"id":219,"href":"http:\/\/neu.wildgehege-grosshennersdorf.de\/index.php?rest_route=\/wp\/v2\/pages\/10\/revisions\/219"}],"wp:attachment":[{"href":"http:\/\/neu.wildgehege-grosshennersdorf.de\/index.php?rest_route=%2Fwp%2Fv2%2Fmedia&parent=10"}],"curies":[{"name":"wp","href":"https:\/\/api.w.org\/{rel}","templated":true}]}}